{"id":985,"date":"2024-01-16T15:34:22","date_gmt":"2024-01-16T14:34:22","guid":{"rendered":"https:\/\/bemuscr.com\/plataforma\/password-reset\/"},"modified":"2024-01-17T03:49:11","modified_gmt":"2024-01-17T02:49:11","slug":"password-reset","status":"publish","type":"page","link":"https:\/\/bemuscr.com\/plataforma\/password-reset\/","title":{"rendered":"Restablecer la contrase\u00f1a"},"content":{"rendered":"<p>[et_pb_section fb_built=&#8221;1&#8243; _builder_version=&#8221;4.16&#8243; hover_enabled=&#8221;0&#8243; global_colors_info=&#8221;{}&#8221; sticky_enabled=&#8221;0&#8243;][et_pb_row _builder_version=&#8221;4.16&#8243; background_size=&#8221;initial&#8221; background_position=&#8221;top_left&#8221; background_repeat=&#8221;repeat&#8221; global_colors_info=&#8221;{}&#8221;][et_pb_column type=&#8221;4_4&#8243; _builder_version=&#8221;4.16&#8243; custom_padding=&#8221;|||&#8221; global_colors_info=&#8221;{}&#8221; custom_padding__hover=&#8221;|||&#8221;][et_pb_text _builder_version=&#8221;4.22.1&#8243; background_size=&#8221;initial&#8221; background_position=&#8221;top_left&#8221; background_repeat=&#8221;repeat&#8221; hover_enabled=&#8221;0&#8243; global_colors_info=&#8221;{}&#8221; text_font=&#8221;|700|||||||&#8221; sticky_enabled=&#8221;0&#8243;]<\/p>\n<div class=\"um um-password um-um_password_id\">\n\t<div class=\"um-form\">\n\t\t<form method=\"post\" action=\"\">\n\t\t\t\n\t\t\t\t<input type=\"hidden\" name=\"_um_password_reset\" id=\"_um_password_reset\" value=\"1\" \/>\n\n\t\t\t\t\t\t\t\t\t<div class=\"um-field um-field-block um-field-type_block\">\n\t\t\t\t\t\t<div class=\"um-field-block\">\n\t\t\t\t\t\t\t<div style=\"text-align:center;\">\n\t\t\t\t\t\t\t\tPara restablecer tu contrase\u00f1a, por favor, introduce a continuaci\u00f3n tu direcci\u00f3n de correo electr\u00f3nico o nombre de usuario.\t\t\t\t\t\t\t<\/div>\n\t\t\t\t\t\t<\/div>\n\t\t\t\t\t<\/div>\n\t\t\t\t\t<div  id=\"um_field_0_username_b\" class=\"um-field um-field-text  um-field-username_b um-field-text um-field-type_text\" data-key=\"username_b\"><div class=\"um-field-area\"><input  autocomplete=\"off\" class=\"um-form-field valid \" type=\"text\" name=\"username_b\" id=\"username_b\" value=\"\" placeholder=\"Introduce tu nombre de usuario o correo electr\u00f3nico\" data-validate=\"\" data-key=\"username_b\"  aria-invalid=\"false\" \/>\n\n\t\t\t\t\t\t<\/div><\/div>\t\t\t\t<div class=\"um-col-alt um-col-alt-b\">\n\t\t\t\t\t<div class=\"um-center\">\n\t\t\t\t\t\t<input type=\"submit\" value=\"Restablecer contrase\u00f1a\" class=\"um-button\" id=\"um-submit-btn\" \/>\n\t\t\t\t\t<\/div>\n\t\t\t\t\t<div class=\"um-clear\"><\/div>\n\t\t\t\t<\/div>\n\t\t\t\t\t<input type=\"hidden\" name=\"form_id\" id=\"form_id_um_password_id\" value=\"um_password_id\" \/>\n\t\t<p class=\"um_request_name\">\n\t\t<label for=\"um_request_um_password_id\">Only fill in if you are not human<\/label>\n\t\t<input type=\"hidden\" name=\"um_request\" id=\"um_request_um_password_id\" class=\"input\" value=\"\" size=\"25\" autocomplete=\"off\" \/>\n\t<\/p>\n\t\t\t<\/form>\n\t<\/div>\n<\/div>\n<style>\n\t\t\t.um-um_password_id.um {\n\t\t\tmax-width: 450px;\n\t\t}\n\t\t<\/style>\n\n<p>[\/et_pb_text][\/et_pb_column][\/et_pb_row][\/et_pb_section]<\/p>\n","protected":false},"excerpt":{"rendered":"<div class=\"um um-password um-um_password_id\">\n\t<div class=\"um-form\">\n\t\t<form method=\"post\" action=\"\">\n\t\t\t\n\t\t\t\t<input type=\"hidden\" name=\"_um_password_reset\" id=\"_um_password_reset\" value=\"1\" \/>\n\n\t\t\t\t\t\t\t\t\t<div class=\"um-field um-field-block um-field-type_block\">\n\t\t\t\t\t\t<div class=\"um-field-block\">\n\t\t\t\t\t\t\t<div style=\"text-align:center;\">\n\t\t\t\t\t\t\t\tPara restablecer tu contrase\u00f1a, por favor, introduce a continuaci\u00f3n tu direcci\u00f3n de correo electr\u00f3nico o nombre de usuario.\t\t\t\t\t\t\t<\/div>\n\t\t\t\t\t\t<\/div>\n\t\t\t\t\t<\/div>\n\t\t\t\t\t<div  id=\"um_field_0_username_b\" class=\"um-field um-field-text  um-field-username_b um-field-text um-field-type_text\" data-key=\"username_b\"><div class=\"um-field-area\"><input  autocomplete=\"off\" class=\"um-form-field valid \" type=\"text\" name=\"username_b\" id=\"username_b\" value=\"\" placeholder=\"Introduce tu nombre de usuario o correo electr\u00f3nico\" data-validate=\"\" data-key=\"username_b\"  aria-invalid=\"false\" \/>\n\n\t\t\t\t\t\t<\/div><\/div>\t\t\t\t<div class=\"um-col-alt um-col-alt-b\">\n\t\t\t\t\t<div class=\"um-center\">\n\t\t\t\t\t\t<input type=\"submit\" value=\"Restablecer contrase\u00f1a\" class=\"um-button\" id=\"um-submit-btn\" \/>\n\t\t\t\t\t<\/div>\n\t\t\t\t\t<div class=\"um-clear\"><\/div>\n\t\t\t\t<\/div>\n\t\t\t\t\t<input type=\"hidden\" name=\"form_id\" id=\"form_id_um_password_id\" value=\"um_password_id\" \/>\n\t\t<p class=\"um_request_name\">\n\t\t<label for=\"um_request_um_password_id\">Only fill in if you are not human<\/label>\n\t\t<input type=\"hidden\" name=\"um_request\" id=\"um_request_um_password_id\" class=\"input\" value=\"\" size=\"25\" autocomplete=\"off\" \/>\n\t<\/p>\n\t\t\t<\/form>\n\t<\/div>\n<\/div>\n\n","protected":false},"author":1,"featured_media":0,"parent":0,"menu_order":0,"comment_status":"closed","ping_status":"closed","template":"","meta":{"_acf_changed":false,"_et_pb_use_builder":"on","_et_pb_old_content":"<p>[ultimatemember_password]<\/p>","_et_gb_content_width":"","footnotes":""},"class_list":["post-985","page","type-page","status-publish","hentry"],"acf":[],"yoast_head":"<!-- This site is optimized with the Yoast SEO plugin v26.9 - https:\/\/yoast.com\/product\/yoast-seo-wordpress\/ -->\n<title>Restablecer la contrase\u00f1a - Plataforma de Servicios Bemus Solutions<\/title>\n<meta name=\"robots\" content=\"index, follow, max-snippet:-1, max-image-preview:large, max-video-preview:-1\" \/>\n<link rel=\"canonical\" href=\"https:\/\/bemuscr.com\/plataforma\/password-reset\/\" \/>\n<meta property=\"og:locale\" content=\"es_ES\" \/>\n<meta property=\"og:type\" content=\"article\" \/>\n<meta property=\"og:title\" content=\"Restablecer la contrase\u00f1a - Plataforma de Servicios Bemus Solutions\" \/>\n<meta property=\"og:url\" content=\"https:\/\/bemuscr.com\/plataforma\/password-reset\/\" \/>\n<meta property=\"og:site_name\" content=\"Plataforma de Servicios Bemus Solutions\" \/>\n<meta property=\"article:publisher\" content=\"https:\/\/www.facebook.com\/BemusSolutions\/?locale=es_LA\" \/>\n<meta property=\"article:modified_time\" content=\"2024-01-17T02:49:11+00:00\" \/>\n<meta name=\"twitter:card\" content=\"summary_large_image\" \/>\n<meta name=\"twitter:description\" content=\"[ultimatemember_password]\" \/>\n<meta name=\"twitter:site\" content=\"@bemuscr\" \/>\n<script type=\"application\/ld+json\" class=\"yoast-schema-graph\">{\"@context\":\"https:\/\/schema.org\",\"@graph\":[{\"@type\":\"WebPage\",\"@id\":\"https:\/\/bemuscr.com\/plataforma\/password-reset\/\",\"url\":\"https:\/\/bemuscr.com\/plataforma\/password-reset\/\",\"name\":\"Restablecer la contrase\u00f1a - Plataforma de Servicios Bemus Solutions\",\"isPartOf\":{\"@id\":\"https:\/\/bemuscr.com\/plataforma\/#website\"},\"datePublished\":\"2024-01-16T14:34:22+00:00\",\"dateModified\":\"2024-01-17T02:49:11+00:00\",\"breadcrumb\":{\"@id\":\"https:\/\/bemuscr.com\/plataforma\/password-reset\/#breadcrumb\"},\"inLanguage\":\"es\",\"potentialAction\":[{\"@type\":\"ReadAction\",\"target\":[\"https:\/\/bemuscr.com\/plataforma\/password-reset\/\"]}]},{\"@type\":\"BreadcrumbList\",\"@id\":\"https:\/\/bemuscr.com\/plataforma\/password-reset\/#breadcrumb\",\"itemListElement\":[{\"@type\":\"ListItem\",\"position\":1,\"name\":\"Portada\",\"item\":\"https:\/\/bemuscr.com\/plataforma\/\"},{\"@type\":\"ListItem\",\"position\":2,\"name\":\"Restablecer la contrase\u00f1a\"}]},{\"@type\":\"WebSite\",\"@id\":\"https:\/\/bemuscr.com\/plataforma\/#website\",\"url\":\"https:\/\/bemuscr.com\/plataforma\/\",\"name\":\"Plataforma de Servicios Bemus Solutions\",\"description\":\"Bemus Solutions\",\"publisher\":{\"@id\":\"https:\/\/bemuscr.com\/plataforma\/#organization\"},\"potentialAction\":[{\"@type\":\"SearchAction\",\"target\":{\"@type\":\"EntryPoint\",\"urlTemplate\":\"https:\/\/bemuscr.com\/plataforma\/?s={search_term_string}\"},\"query-input\":{\"@type\":\"PropertyValueSpecification\",\"valueRequired\":true,\"valueName\":\"search_term_string\"}}],\"inLanguage\":\"es\"},{\"@type\":\"Organization\",\"@id\":\"https:\/\/bemuscr.com\/plataforma\/#organization\",\"name\":\"Plataforma de Servicios Bemus Solutions\",\"url\":\"https:\/\/bemuscr.com\/plataforma\/\",\"logo\":{\"@type\":\"ImageObject\",\"inLanguage\":\"es\",\"@id\":\"https:\/\/bemuscr.com\/plataforma\/#\/schema\/logo\/image\/\",\"url\":\"https:\/\/bemuscr.com\/plataforma\/wp-content\/uploads\/2024\/02\/Bemus-blog.png\",\"contentUrl\":\"https:\/\/bemuscr.com\/plataforma\/wp-content\/uploads\/2024\/02\/Bemus-blog.png\",\"width\":326,\"height\":326,\"caption\":\"Plataforma de Servicios Bemus Solutions\"},\"image\":{\"@id\":\"https:\/\/bemuscr.com\/plataforma\/#\/schema\/logo\/image\/\"},\"sameAs\":[\"https:\/\/www.facebook.com\/BemusSolutions\/?locale=es_LA\",\"https:\/\/x.com\/bemuscr\"]}]}<\/script>\n<!-- \/ Yoast SEO plugin. -->","yoast_head_json":{"title":"Restablecer la contrase\u00f1a - Plataforma de Servicios Bemus Solutions","robots":{"index":"index","follow":"follow","max-snippet":"max-snippet:-1","max-image-preview":"max-image-preview:large","max-video-preview":"max-video-preview:-1"},"canonical":"https:\/\/bemuscr.com\/plataforma\/password-reset\/","og_locale":"es_ES","og_type":"article","og_title":"Restablecer la contrase\u00f1a - Plataforma de Servicios Bemus Solutions","og_url":"https:\/\/bemuscr.com\/plataforma\/password-reset\/","og_site_name":"Plataforma de Servicios Bemus Solutions","article_publisher":"https:\/\/www.facebook.com\/BemusSolutions\/?locale=es_LA","article_modified_time":"2024-01-17T02:49:11+00:00","twitter_card":"summary_large_image","twitter_description":"[ultimatemember_password]","twitter_site":"@bemuscr","schema":{"@context":"https:\/\/schema.org","@graph":[{"@type":"WebPage","@id":"https:\/\/bemuscr.com\/plataforma\/password-reset\/","url":"https:\/\/bemuscr.com\/plataforma\/password-reset\/","name":"Restablecer la contrase\u00f1a - Plataforma de Servicios Bemus Solutions","isPartOf":{"@id":"https:\/\/bemuscr.com\/plataforma\/#website"},"datePublished":"2024-01-16T14:34:22+00:00","dateModified":"2024-01-17T02:49:11+00:00","breadcrumb":{"@id":"https:\/\/bemuscr.com\/plataforma\/password-reset\/#breadcrumb"},"inLanguage":"es","potentialAction":[{"@type":"ReadAction","target":["https:\/\/bemuscr.com\/plataforma\/password-reset\/"]}]},{"@type":"BreadcrumbList","@id":"https:\/\/bemuscr.com\/plataforma\/password-reset\/#breadcrumb","itemListElement":[{"@type":"ListItem","position":1,"name":"Portada","item":"https:\/\/bemuscr.com\/plataforma\/"},{"@type":"ListItem","position":2,"name":"Restablecer la contrase\u00f1a"}]},{"@type":"WebSite","@id":"https:\/\/bemuscr.com\/plataforma\/#website","url":"https:\/\/bemuscr.com\/plataforma\/","name":"Plataforma de Servicios Bemus Solutions","description":"Bemus Solutions","publisher":{"@id":"https:\/\/bemuscr.com\/plataforma\/#organization"},"potentialAction":[{"@type":"SearchAction","target":{"@type":"EntryPoint","urlTemplate":"https:\/\/bemuscr.com\/plataforma\/?s={search_term_string}"},"query-input":{"@type":"PropertyValueSpecification","valueRequired":true,"valueName":"search_term_string"}}],"inLanguage":"es"},{"@type":"Organization","@id":"https:\/\/bemuscr.com\/plataforma\/#organization","name":"Plataforma de Servicios Bemus Solutions","url":"https:\/\/bemuscr.com\/plataforma\/","logo":{"@type":"ImageObject","inLanguage":"es","@id":"https:\/\/bemuscr.com\/plataforma\/#\/schema\/logo\/image\/","url":"https:\/\/bemuscr.com\/plataforma\/wp-content\/uploads\/2024\/02\/Bemus-blog.png","contentUrl":"https:\/\/bemuscr.com\/plataforma\/wp-content\/uploads\/2024\/02\/Bemus-blog.png","width":326,"height":326,"caption":"Plataforma de Servicios Bemus Solutions"},"image":{"@id":"https:\/\/bemuscr.com\/plataforma\/#\/schema\/logo\/image\/"},"sameAs":["https:\/\/www.facebook.com\/BemusSolutions\/?locale=es_LA","https:\/\/x.com\/bemuscr"]}]}},"_links":{"self":[{"href":"https:\/\/bemuscr.com\/plataforma\/wp-json\/wp\/v2\/pages\/985","targetHints":{"allow":["GET"]}}],"collection":[{"href":"https:\/\/bemuscr.com\/plataforma\/wp-json\/wp\/v2\/pages"}],"about":[{"href":"https:\/\/bemuscr.com\/plataforma\/wp-json\/wp\/v2\/types\/page"}],"author":[{"embeddable":true,"href":"https:\/\/bemuscr.com\/plataforma\/wp-json\/wp\/v2\/users\/1"}],"replies":[{"embeddable":true,"href":"https:\/\/bemuscr.com\/plataforma\/wp-json\/wp\/v2\/comments?post=985"}],"version-history":[{"count":0,"href":"https:\/\/bemuscr.com\/plataforma\/wp-json\/wp\/v2\/pages\/985\/revisions"}],"wp:attachment":[{"href":"https:\/\/bemuscr.com\/plataforma\/wp-json\/wp\/v2\/media?parent=985"}],"curies":[{"name":"wp","href":"https:\/\/api.w.org\/{rel}","templated":true}]}}